{"id":1784,"date":"2026-04-07T09:54:51","date_gmt":"2026-04-07T09:54:51","guid":{"rendered":"https:\/\/nicesa.com\/politica-de-cookies\/"},"modified":"2026-04-29T08:42:27","modified_gmt":"2026-04-29T08:42:27","slug":"politica-de-cookies","status":"publish","type":"page","link":"https:\/\/nicesa.com\/pt-pt\/politica-de-cookies\/","title":{"rendered":"POL\u00cdTICA DE COOKIES"},"content":{"rendered":"\t\t<div data-elementor-type=\"wp-page\" data-elementor-id=\"1784\" class=\"elementor elementor-1784 elementor-757\" data-elementor-post-type=\"page\">\n\t\t\t\t<div class=\"elementor-element elementor-element-be73b06 e-con-full elementor-hidden-mobile e-flex e-con e-parent\" data-id=\"be73b06\" data-element_type=\"container\" data-e-type=\"container\">\n\t\t\t\t<div class=\"elementor-element elementor-element-2ba3c0f elementor-widget elementor-widget-heading\" data-id=\"2ba3c0f\" data-element_type=\"widget\" data-e-type=\"widget\" data-widget_type=\"heading.default\">\n\t\t\t\t\t<h2 class=\"elementor-heading-title elementor-size-default\">POL\u00cdTICA DE COOKIES E ARMAZENAMENTO LOCAL<\/h2>\t\t\t\t<\/div>\n\t\t\t\t<div class=\"elementor-element elementor-element-1a0c351 elementor-widget elementor-widget-text-editor\" data-id=\"1a0c351\" data-element_type=\"widget\" data-e-type=\"widget\" data-widget_type=\"text-editor.default\">\n\t\t\t\t\t\t\t\t\t<p class=\"p1\"><b>Pol\u00edtica de cookies:<\/b><\/p><p class=\"p1\">Em conformidade com a Lei 34\/2002, de 11 de Julho, sobre Servi\u00e7os da Sociedade da Informa\u00e7\u00e3o e Com\u00e9rcio Electr\u00f3nico, informamos que este site utiliza cookies para melhorar e optimizar a experi\u00eancia do utilizador. Abaixo encontrar\u00e1 informa\u00e7\u00f5es detalhadas sobre o que s\u00e3o cookies, que tipos este website utiliza, como alterar as suas defini\u00e7\u00f5es de cookies e o que acontece se os desativar. <\/p><p class=\"p1\"><b>O que s\u00e3o cookies?<\/b> <\/p><p class=\"p1\">Um cookie \u00e9 um ficheiro que \u00e9 descarregado para o seu computador quando acede a determinadas p\u00e1ginas web. Os cookies permitem que um website, entre outras coisas, armazene e recupere informa\u00e7\u00f5es sobre os h\u00e1bitos de navega\u00e7\u00e3o de um utilizador ou sobre o seu dispositivo e, dependendo das informa\u00e7\u00f5es que cont\u00eam e da forma como utiliza o seu dispositivo, podem ser utilizados para reconhecer o utilizador. <\/p><p class=\"p1\"><b>Que tipos de cookies utiliza este site?<\/b> <\/p><p class=\"p1\">\u2022 Cookies anal\u00edticos: Estes cookies, quer sejam processados \u200b\u200bpor n\u00f3s ou por terceiros, permitem-nos quantificar o n\u00famero de utilizadores e, assim, realizar an\u00e1lises estat\u00edsticas sobre a forma como os utilizadores utilizam o servi\u00e7o oferecido. Isto envolve analisar a sua atividade de navega\u00e7\u00e3o no nosso website para melhorar os produtos ou servi\u00e7os que oferecemos. <\/p><p class=\"p1\">\u2022 Cookies de publicidade: Estes cookies, quer sejam processados \u200b\u200bpor n\u00f3s ou por terceiros, permitem-nos gerir o espa\u00e7o publicit\u00e1rio no website da forma mais eficaz poss\u00edvel, adaptando o conte\u00fado dos an\u00fancios ao servi\u00e7o solicitado ou \u00e0 sua utiliza\u00e7\u00e3o do nosso website. Para tal, podemos analisar os seus h\u00e1bitos de navega\u00e7\u00e3o na Internet e mostrar-lhe publicidade relacionada com o seu perfil de navega\u00e7\u00e3o. <\/p><ul class=\"ul1\"><li class=\"li1\"><b>Cookies de Terceros: <\/b>Proporcionadas por terceros.<\/li><\/ul><p class=\"p1\">(FOTO PANTALLAZOS COOKIES)<\/p><p class=\"p1\"><b>O que acontece se os cookies estiverem desativados?<\/b><\/p><p class=\"p1\">Algumas funcionalidades dos Servi\u00e7os e \u00e1reas deste site poder\u00e3o n\u00e3o funcionar corretamente se os cookies estiverem desativados.<\/p><p class=\"p1\"><b>Atualiz\u00e1mos a nossa Pol\u00edtica de Cookies?<\/b><\/p><p class=\"p1\">Podemos atualizar a nossa Pol\u00edtica de Cookies do website, pelo que recomendamos que a reveja sempre que aceder ao nosso website para se manter informado sobre como e por que raz\u00e3o utilizamos cookies. <\/p><p class=\"p1\"><b>Como pode configurar os seus cookies?<\/b><\/p><p class=\"p1\">Ao navegar e continuar a utilizar o nosso website, consente a utiliza\u00e7\u00e3o de cookies nas condi\u00e7\u00f5es estabelecidas nesta Pol\u00edtica de Cookies. Enquanto utilizador, tem o direito de bloquear, eliminar e recusar a utiliza\u00e7\u00e3o de cookies a qualquer momento, modificando as defini\u00e7\u00f5es do seu browser. Por exemplo:  <\/p><ul class=\"ul1\"><li class=\"li1\"><b>Microsoft Edge<\/b>: Configura\u00e7\u00e3o&gt; Configura\u00e7\u00f5es avan\u00e7adas&gt; Cookies.<\/li><\/ul><p class=\"p1\">Verifique o <a href=\"http:\/\/windows.microsoft.com\/es-ES\/windows\/support\"><span class=\"s1\">soporte de Microsoft<\/span><\/a> ou a Ajuda do navegador.<\/p><ul class=\"ul1\"><li class=\"li1\"><b>Mozilla Firefox<\/b>: Ferramentas&gt; Op\u00e7\u00f5es&gt; Privacidade&gt; Registo&gt; Configura\u00e7\u00f5es personalizadas.<\/li><\/ul><p class=\"p1\">Verifique o <a href=\"http:\/\/support.mozilla.org\/es\/home\"><span class=\"s1\">soporte de Mozilla<\/span><\/a> ou a Ajuda do navegador.<\/p><ul class=\"ul1\"><li class=\"li1\"><b>Google Chrome<\/b>: Configura\u00e7\u00e3o&gt; Mostrar op\u00e7\u00f5es avan\u00e7adas &gt; Privacidade&gt; Configura\u00e7\u00f5es de conte\u00fado.<\/li><\/ul><p class=\"p1\"><a href=\"http:\/\/support.google.com\/chrome\/?hl=es\"><span class=\"s1\">Verifique o soporte de Google<\/span><\/a> ou a Ajuda do navegador.<\/p><ul class=\"ul1\"><li class=\"li1\"><b>Safari (Apple)<\/b>: Prefer\u00eancias&gt; Seguran\u00e7a.<\/li><\/ul><p class=\"p1\">Verifique o <a href=\"http:\/\/www.apple.com\/es\/support\/safari\/\"><span class=\"s1\">soporte de Apple<\/span><\/a> ou a Ajuda do navegador.<\/p><ul class=\"ul1\"><li class=\"li1\"><b>Opera (Opera Software): <\/b>Configura\u00e7\u00e3o &gt; Op\u00e7\u00f5es &gt; Avan\u00e7ado &gt; Cookies<\/li><\/ul><p class=\"p1\">Verifique o <a href=\"http:\/\/help.opera.com\/Windows\/11.50\/es-ES\/cookies.html\"><span class=\"s1\">soporte de Opera<\/span><\/a> ou a Ajuda do navegador.<\/p><p class=\"p1\">Se utilizar um browser diferente, consulte a pol\u00edtica de privacidade do mesmo em rela\u00e7\u00e3o \u00e0 instala\u00e7\u00e3o, utiliza\u00e7\u00e3o e bloqueio de cookies. No entanto, utilizando a ferramenta <span class=\"s1\"><a href=\"http:\/\/www.youronlinechoices.com\/\">www.youronlinechoices.com<\/a><\/span>, pode encontrar informa\u00e7\u00f5es \u00fateis e configurar as suas prefer\u00eancias de cookies, fornecedor a fornecedor. <\/p><p class=\"p1\"><b>Os cookies s\u00e3o a \u00fanica op\u00e7\u00e3o?<\/b><\/p><p class=\"p1\">Poder\u00e3o existir sites que utilizem outras formas de armazenamento semelhantes a cookies, mas com maior capacidade, como outras formas de armazenamento local de dados no computador do cliente, por exemplo:<\/p><ul class=\"ul1\"><li class=\"li1\">HTML5 LocalStorage e sessionStorage: Espa\u00e7o que o site pode utilizar no computador do utilizador. Geralmente, podem ser libertados apagando o hist\u00f3rico de navega\u00e7\u00e3o. <\/li><li class=\"li1\">Objetos partilhados locais do Flash (o &#8220;armazenamento isolado&#8221; do Silverlight): Estes objetos s\u00e3o armazenados na pasta da Microsoft onde se encontra o seu perfil de utilizador. Precisa de aceder \u00e0 pasta e exclu\u00ed-los. (Exemplo: v\u00eddeos do Vimeo).  <br>O Flash \u00e9 utilizado para incorporar elementos multim\u00e9dia num site e, para isso, armazena ficheiros no computador do utilizador.<\/li><li class=\"li1\">Um web beacon rastreia a sua atividade inserindo uma pequena imagem que nem sequer se apercebe. Quando navega na internet, esta \u00e9 carregada juntamente com a p\u00e1gina, e o servidor de onde a imagem \u00e9 descarregada regista a hora de acesso e o n\u00famero de vezes que acedeu ao site.  <\/li><\/ul><p class=\"p1\">Estes ficheiros s\u00e3o mais intrusivos do que os cookies porque s\u00e3o mais dif\u00edceis de eliminar, armazenam mais informa\u00e7\u00e3o e s\u00e3o independentes do browser utilizado. N\u00e3o utilizamos este tipo de armazenamento. <\/p>\t\t\t\t\t\t\t\t<\/div>\n\t\t\t\t<\/div>\n\t\t<div class=\"elementor-element elementor-element-181088a e-con-full elementor-hidden-desktop elementor-hidden-tablet e-flex e-con e-parent\" data-id=\"181088a\" data-element_type=\"container\" data-e-type=\"container\">\n\t\t\t\t<div class=\"elementor-element elementor-element-5e82d99 elementor-widget elementor-widget-heading\" data-id=\"5e82d99\" data-element_type=\"widget\" data-e-type=\"widget\" data-widget_type=\"heading.default\">\n\t\t\t\t\t<h2 class=\"elementor-heading-title elementor-size-default\">POL\u00cdTICA DE COOKIES E ARMAZENAMENTO LOCAL<\/h2>\t\t\t\t<\/div>\n\t\t\t\t<div class=\"elementor-element elementor-element-dc1ef65 elementor-widget elementor-widget-text-editor\" data-id=\"dc1ef65\" data-element_type=\"widget\" data-e-type=\"widget\" data-widget_type=\"text-editor.default\">\n\t\t\t\t\t\t\t\t\t<p class=\"p1\"><b>Pol\u00edtica de cookies:<\/b><\/p><p class=\"p1\">Em conformidade com a Lei 34\/2002, de 11 de Julho, sobre Servi\u00e7os da Sociedade da Informa\u00e7\u00e3o e Com\u00e9rcio Electr\u00f3nico, informamos que este site utiliza cookies para melhorar e optimizar a experi\u00eancia do utilizador. Abaixo encontrar\u00e1 informa\u00e7\u00f5es detalhadas sobre o que s\u00e3o cookies, que tipos este website utiliza, como alterar as suas defini\u00e7\u00f5es de cookies e o que acontece se os desativar. <\/p><p class=\"p1\"><b>O que s\u00e3o cookies?<\/b> <\/p><p class=\"p1\">Um cookie \u00e9 um ficheiro que \u00e9 descarregado para o seu computador quando acede a determinadas p\u00e1ginas web. Os cookies permitem que um website, entre outras coisas, armazene e recupere informa\u00e7\u00f5es sobre os h\u00e1bitos de navega\u00e7\u00e3o de um utilizador ou sobre o seu dispositivo e, dependendo das informa\u00e7\u00f5es que cont\u00eam e da forma como utiliza o seu dispositivo, podem ser utilizados para reconhecer o utilizador. <\/p><p class=\"p1\"><b>Que tipos de cookies utiliza este site?<\/b> <\/p><p class=\"p1\">\u2022 Cookies anal\u00edticos: Estes cookies, quer sejam processados \u200b\u200bpor n\u00f3s ou por terceiros, permitem-nos quantificar o n\u00famero de utilizadores e, assim, realizar an\u00e1lises estat\u00edsticas sobre a forma como os utilizadores utilizam o servi\u00e7o oferecido. Isto envolve analisar a sua atividade de navega\u00e7\u00e3o no nosso website para melhorar os produtos ou servi\u00e7os que oferecemos. <\/p><p class=\"p1\">\u2022 Cookies de publicidade: Estes cookies, quer sejam processados \u200b\u200bpor n\u00f3s ou por terceiros, permitem-nos gerir o espa\u00e7o publicit\u00e1rio no website da forma mais eficaz poss\u00edvel, adaptando o conte\u00fado dos an\u00fancios ao servi\u00e7o solicitado ou \u00e0 sua utiliza\u00e7\u00e3o do nosso website. Para tal, podemos analisar os seus h\u00e1bitos de navega\u00e7\u00e3o na Internet e mostrar-lhe publicidade relacionada com o seu perfil de navega\u00e7\u00e3o. <\/p><ul class=\"ul1\"><li class=\"li1\">Cookies de terceiros: Fornecidos por terceiros.<\/li><\/ul><p class=\"p1\">(FOTO PANTALLAZOS COOKIES)<\/p><p class=\"p1\"><b>O que acontece se os cookies estiverem desativados?<\/b><\/p><p class=\"p1\">Algumas funcionalidades dos Servi\u00e7os e \u00e1reas deste site poder\u00e3o n\u00e3o funcionar corretamente se os cookies estiverem desativados.<\/p><p class=\"p1\"><b>Atualiz\u00e1mos a nossa Pol\u00edtica de Cookies?<\/b><\/p><p class=\"p1\">Podemos atualizar a nossa Pol\u00edtica de Cookies do website, pelo que recomendamos que a reveja sempre que aceder ao nosso website para se manter informado sobre como e por que raz\u00e3o utilizamos cookies. <\/p><p class=\"p1\"><b>Como pode configurar os seus cookies?<\/b><\/p><p class=\"p1\">Ao navegar e continuar a utilizar o nosso website, consente a utiliza\u00e7\u00e3o de cookies nas condi\u00e7\u00f5es estabelecidas nesta Pol\u00edtica de Cookies. Enquanto utilizador, tem o direito de bloquear, eliminar e recusar a utiliza\u00e7\u00e3o de cookies a qualquer momento, modificando as defini\u00e7\u00f5es do seu browser. Por exemplo:  <\/p><ul class=\"ul1\"><li class=\"li1\"><b>Microsoft Edge<\/b>: Configura\u00e7\u00e3o&gt; Configura\u00e7\u00f5es avan\u00e7adas&gt; Cookies.<\/li><\/ul><p class=\"p1\">Verifique o <a href=\"http:\/\/windows.microsoft.com\/es-ES\/windows\/support\"><span class=\"s1\">soporte de Microsoft<\/span><\/a> ou a Ajuda do navegador.<\/p><ul class=\"ul1\"><li class=\"li1\"><b>Mozilla Firefox<\/b>: Ferramentas&gt; Op\u00e7\u00f5es&gt; Privacidade&gt; Registo&gt; Configura\u00e7\u00f5es personalizadas.<\/li><\/ul><p class=\"p1\">Verifique o <a href=\"http:\/\/support.mozilla.org\/es\/home\"><span class=\"s1\">soporte de Mozilla<\/span><\/a> ou a Ajuda do navegador.<\/p><ul class=\"ul1\"><li class=\"li1\"><b>Google Chrome<\/b>: Configura\u00e7\u00e3o&gt; Mostrar op\u00e7\u00f5es avan\u00e7adas &gt; Privacidade&gt; Configura\u00e7\u00f5es de conte\u00fado.<\/li><\/ul><p class=\"p1\"><a href=\"http:\/\/support.google.com\/chrome\/?hl=es\"><span class=\"s1\">Verifique o soporte de Google<\/span><\/a> ou a Ajuda do navegador.<\/p><ul class=\"ul1\"><li class=\"li1\"><b>Safari (Apple)<\/b>: Prefer\u00eancias&gt; Seguran\u00e7a.<\/li><\/ul><p class=\"p1\">Verifique o <a href=\"http:\/\/www.apple.com\/es\/support\/safari\/\"><span class=\"s1\">soporte de Apple<\/span><\/a> ou a Ajuda do navegador.<\/p><ul class=\"ul1\"><li class=\"li1\"><b>Opera (Opera Software): <\/b>Configura\u00e7\u00e3o &gt; Op\u00e7\u00f5es &gt; Avan\u00e7ado &gt; Cookies<\/li><\/ul><p class=\"p1\">Verifique o <a href=\"http:\/\/help.opera.com\/Windows\/11.50\/es-ES\/cookies.html\"><span class=\"s1\">soporte de Opera<\/span><\/a> ou a Ajuda do navegador.<\/p><p class=\"p1\">Se utilizar um browser diferente, consulte a pol\u00edtica de privacidade do mesmo em rela\u00e7\u00e3o \u00e0 instala\u00e7\u00e3o, utiliza\u00e7\u00e3o e bloqueio de cookies. No entanto, utilizando a ferramenta <span class=\"s1\"><a href=\"http:\/\/www.youronlinechoices.com\/\">www.youronlinechoices.com<\/a><\/span>, pode encontrar informa\u00e7\u00f5es \u00fateis e configurar as suas prefer\u00eancias de cookies, fornecedor a fornecedor. <\/p><p class=\"p1\"><b>Os cookies s\u00e3o a \u00fanica op\u00e7\u00e3o?<\/b><\/p><p class=\"p1\">Poder\u00e3o existir sites que utilizem outras formas de armazenamento semelhantes a cookies, mas com maior capacidade, como outras formas de armazenamento local de dados no computador do cliente, por exemplo:<\/p><ul class=\"ul1\"><li class=\"li1\">HTML5 LocalStorage e sessionStorage: Espa\u00e7o que o site pode utilizar no computador do utilizador. Geralmente, podem ser libertados apagando o hist\u00f3rico de navega\u00e7\u00e3o. <\/li><li class=\"li1\">Objetos partilhados locais do Flash (o &#8220;armazenamento isolado&#8221; do Silverlight): Estes objetos s\u00e3o armazenados na pasta da Microsoft onde se encontra o seu perfil de utilizador. Precisa de aceder \u00e0 pasta e exclu\u00ed-los. (Exemplo: v\u00eddeos do Vimeo).  <br>O Flash \u00e9 utilizado para incorporar elementos multim\u00e9dia num site e, para isso, armazena ficheiros no computador do utilizador.<\/li><li class=\"li1\">Um web beacon rastreia a sua atividade inserindo uma pequena imagem que nem sequer se apercebe. Quando navega na internet, esta \u00e9 carregada juntamente com a p\u00e1gina, e o servidor de onde a imagem \u00e9 descarregada regista a hora de acesso e o n\u00famero de vezes que acedeu ao site.  <\/li><\/ul><p class=\"p1\">Estes ficheiros s\u00e3o mais intrusivos do que os cookies porque s\u00e3o mais dif\u00edceis de eliminar, armazenam mais informa\u00e7\u00e3o e s\u00e3o independentes do browser utilizado. N\u00e3o utilizamos este tipo de armazenamento. <\/p>\t\t\t\t\t\t\t\t<\/div>\n\t\t\t\t<\/div>\n\t\t\t\t<\/div>\n\t\t","protected":false},"excerpt":{"rendered":"<p>POL\u00cdTICA DE COOKIES E ARMAZENAMENTO LOCAL Pol\u00edtica de cookies: Em conformidade com a Lei 34\/2002, de 11 de Julho, sobre Servi\u00e7os da Sociedade da Informa\u00e7\u00e3o e Com\u00e9rcio Electr\u00f3nico, informamos que este site utiliza cookies para melhorar e optimizar a experi\u00eancia do utilizador. Abaixo encontrar\u00e1 informa\u00e7\u00f5es detalhadas sobre o que s\u00e3o cookies, que tipos este website [&hellip;]<\/p>\n","protected":false},"author":1,"featured_media":0,"parent":0,"menu_order":0,"comment_status":"closed","ping_status":"closed","template":"elementor_header_footer","meta":{"_acf_changed":false,"footnotes":""},"class_list":["post-1784","page","type-page","status-publish","hentry"],"acf":[],"yoast_head":"<!-- This site is optimized with the Yoast SEO plugin v27.5 - https:\/\/yoast.com\/product\/yoast-seo-wordpress\/ -->\n<title>Pol\u00edtica de Cookies | NICESA<\/title>\n<meta name=\"description\" content=\"Consulte a pol\u00edtica de cookies da Nicesa e saiba como utilizamos os cookies para melhorar a sua experi\u00eancia, analisar a navega\u00e7\u00e3o e garantir o correto funcionamento do site.\" \/>\n<meta name=\"robots\" content=\"index, follow, max-snippet:-1, max-image-preview:large, max-video-preview:-1\" \/>\n<link rel=\"canonical\" href=\"https:\/\/nicesa.com\/pt-pt\/politica-de-cookies\/\" \/>\n<meta property=\"og:locale\" content=\"pt_PT\" \/>\n<meta property=\"og:type\" content=\"article\" \/>\n<meta property=\"og:title\" content=\"Pol\u00edtica de Cookies | NICESA\" \/>\n<meta property=\"og:description\" content=\"Consulte a pol\u00edtica de cookies da Nicesa e saiba como utilizamos os cookies para melhorar a sua experi\u00eancia, analisar a navega\u00e7\u00e3o e garantir o correto funcionamento do site.\" \/>\n<meta property=\"og:url\" content=\"https:\/\/nicesa.com\/pt-pt\/politica-de-cookies\/\" \/>\n<meta property=\"og:site_name\" content=\"Nicesa\" \/>\n<meta property=\"article:modified_time\" content=\"2026-04-29T08:42:27+00:00\" \/>\n<meta name=\"twitter:card\" content=\"summary_large_image\" \/>\n<meta name=\"twitter:label1\" content=\"Tempo estimado de leitura\" \/>\n\t<meta name=\"twitter:data1\" content=\"8 minutos\" \/>\n<script type=\"application\/ld+json\" class=\"yoast-schema-graph\">{\"@context\":\"https:\\\/\\\/schema.org\",\"@graph\":[{\"@type\":\"WebPage\",\"@id\":\"https:\\\/\\\/nicesa.com\\\/pt-pt\\\/politica-de-cookies\\\/\",\"url\":\"https:\\\/\\\/nicesa.com\\\/pt-pt\\\/politica-de-cookies\\\/\",\"name\":\"Pol\u00edtica de Cookies | NICESA\",\"isPartOf\":{\"@id\":\"https:\\\/\\\/nicesa.com\\\/pt-pt\\\/#website\"},\"datePublished\":\"2026-04-07T09:54:51+00:00\",\"dateModified\":\"2026-04-29T08:42:27+00:00\",\"description\":\"Consulte a pol\u00edtica de cookies da Nicesa e saiba como utilizamos os cookies para melhorar a sua experi\u00eancia, analisar a navega\u00e7\u00e3o e garantir o correto funcionamento do site.\",\"breadcrumb\":{\"@id\":\"https:\\\/\\\/nicesa.com\\\/pt-pt\\\/politica-de-cookies\\\/#breadcrumb\"},\"inLanguage\":\"pt-PT\",\"potentialAction\":[{\"@type\":\"ReadAction\",\"target\":[\"https:\\\/\\\/nicesa.com\\\/pt-pt\\\/politica-de-cookies\\\/\"]}]},{\"@type\":\"BreadcrumbList\",\"@id\":\"https:\\\/\\\/nicesa.com\\\/pt-pt\\\/politica-de-cookies\\\/#breadcrumb\",\"itemListElement\":[{\"@type\":\"ListItem\",\"position\":1,\"name\":\"Portada\",\"item\":\"https:\\\/\\\/nicesa.com\\\/pt-pt\\\/inicio\\\/\"},{\"@type\":\"ListItem\",\"position\":2,\"name\":\"POL\u00cdTICA DE COOKIES\"}]},{\"@type\":\"WebSite\",\"@id\":\"https:\\\/\\\/nicesa.com\\\/pt-pt\\\/#website\",\"url\":\"https:\\\/\\\/nicesa.com\\\/pt-pt\\\/\",\"name\":\"Nicesa\",\"description\":\"\",\"publisher\":{\"@id\":\"https:\\\/\\\/nicesa.com\\\/pt-pt\\\/#organization\"},\"potentialAction\":[{\"@type\":\"SearchAction\",\"target\":{\"@type\":\"EntryPoint\",\"urlTemplate\":\"https:\\\/\\\/nicesa.com\\\/pt-pt\\\/?s={search_term_string}\"},\"query-input\":{\"@type\":\"PropertyValueSpecification\",\"valueRequired\":true,\"valueName\":\"search_term_string\"}}],\"inLanguage\":\"pt-PT\"},{\"@type\":\"Organization\",\"@id\":\"https:\\\/\\\/nicesa.com\\\/pt-pt\\\/#organization\",\"name\":\"Nicesa\",\"url\":\"https:\\\/\\\/nicesa.com\\\/pt-pt\\\/\",\"logo\":{\"@type\":\"ImageObject\",\"inLanguage\":\"pt-PT\",\"@id\":\"https:\\\/\\\/nicesa.com\\\/pt-pt\\\/#\\\/schema\\\/logo\\\/image\\\/\",\"url\":\"https:\\\/\\\/nicesa.com\\\/wp-content\\\/uploads\\\/2026\\\/01\\\/cropped-Logo-2-Nicesa-02-scaled-1.png\",\"contentUrl\":\"https:\\\/\\\/nicesa.com\\\/wp-content\\\/uploads\\\/2026\\\/01\\\/cropped-Logo-2-Nicesa-02-scaled-1.png\",\"width\":2559,\"height\":731,\"caption\":\"Nicesa\"},\"image\":{\"@id\":\"https:\\\/\\\/nicesa.com\\\/pt-pt\\\/#\\\/schema\\\/logo\\\/image\\\/\"}}]}<\/script>\n<!-- \/ Yoast SEO plugin. -->","yoast_head_json":{"title":"Pol\u00edtica de Cookies | NICESA","description":"Consulte a pol\u00edtica de cookies da Nicesa e saiba como utilizamos os cookies para melhorar a sua experi\u00eancia, analisar a navega\u00e7\u00e3o e garantir o correto funcionamento do site.","robots":{"index":"index","follow":"follow","max-snippet":"max-snippet:-1","max-image-preview":"max-image-preview:large","max-video-preview":"max-video-preview:-1"},"canonical":"https:\/\/nicesa.com\/pt-pt\/politica-de-cookies\/","og_locale":"pt_PT","og_type":"article","og_title":"Pol\u00edtica de Cookies | NICESA","og_description":"Consulte a pol\u00edtica de cookies da Nicesa e saiba como utilizamos os cookies para melhorar a sua experi\u00eancia, analisar a navega\u00e7\u00e3o e garantir o correto funcionamento do site.","og_url":"https:\/\/nicesa.com\/pt-pt\/politica-de-cookies\/","og_site_name":"Nicesa","article_modified_time":"2026-04-29T08:42:27+00:00","twitter_card":"summary_large_image","twitter_misc":{"Tempo estimado de leitura":"8 minutos"},"schema":{"@context":"https:\/\/schema.org","@graph":[{"@type":"WebPage","@id":"https:\/\/nicesa.com\/pt-pt\/politica-de-cookies\/","url":"https:\/\/nicesa.com\/pt-pt\/politica-de-cookies\/","name":"Pol\u00edtica de Cookies | NICESA","isPartOf":{"@id":"https:\/\/nicesa.com\/pt-pt\/#website"},"datePublished":"2026-04-07T09:54:51+00:00","dateModified":"2026-04-29T08:42:27+00:00","description":"Consulte a pol\u00edtica de cookies da Nicesa e saiba como utilizamos os cookies para melhorar a sua experi\u00eancia, analisar a navega\u00e7\u00e3o e garantir o correto funcionamento do site.","breadcrumb":{"@id":"https:\/\/nicesa.com\/pt-pt\/politica-de-cookies\/#breadcrumb"},"inLanguage":"pt-PT","potentialAction":[{"@type":"ReadAction","target":["https:\/\/nicesa.com\/pt-pt\/politica-de-cookies\/"]}]},{"@type":"BreadcrumbList","@id":"https:\/\/nicesa.com\/pt-pt\/politica-de-cookies\/#breadcrumb","itemListElement":[{"@type":"ListItem","position":1,"name":"Portada","item":"https:\/\/nicesa.com\/pt-pt\/inicio\/"},{"@type":"ListItem","position":2,"name":"POL\u00cdTICA DE COOKIES"}]},{"@type":"WebSite","@id":"https:\/\/nicesa.com\/pt-pt\/#website","url":"https:\/\/nicesa.com\/pt-pt\/","name":"Nicesa","description":"","publisher":{"@id":"https:\/\/nicesa.com\/pt-pt\/#organization"},"potentialAction":[{"@type":"SearchAction","target":{"@type":"EntryPoint","urlTemplate":"https:\/\/nicesa.com\/pt-pt\/?s={search_term_string}"},"query-input":{"@type":"PropertyValueSpecification","valueRequired":true,"valueName":"search_term_string"}}],"inLanguage":"pt-PT"},{"@type":"Organization","@id":"https:\/\/nicesa.com\/pt-pt\/#organization","name":"Nicesa","url":"https:\/\/nicesa.com\/pt-pt\/","logo":{"@type":"ImageObject","inLanguage":"pt-PT","@id":"https:\/\/nicesa.com\/pt-pt\/#\/schema\/logo\/image\/","url":"https:\/\/nicesa.com\/wp-content\/uploads\/2026\/01\/cropped-Logo-2-Nicesa-02-scaled-1.png","contentUrl":"https:\/\/nicesa.com\/wp-content\/uploads\/2026\/01\/cropped-Logo-2-Nicesa-02-scaled-1.png","width":2559,"height":731,"caption":"Nicesa"},"image":{"@id":"https:\/\/nicesa.com\/pt-pt\/#\/schema\/logo\/image\/"}}]}},"_links":{"self":[{"href":"https:\/\/nicesa.com\/pt-pt\/wp-json\/wp\/v2\/pages\/1784","targetHints":{"allow":["GET"]}}],"collection":[{"href":"https:\/\/nicesa.com\/pt-pt\/wp-json\/wp\/v2\/pages"}],"about":[{"href":"https:\/\/nicesa.com\/pt-pt\/wp-json\/wp\/v2\/types\/page"}],"author":[{"embeddable":true,"href":"https:\/\/nicesa.com\/pt-pt\/wp-json\/wp\/v2\/users\/1"}],"replies":[{"embeddable":true,"href":"https:\/\/nicesa.com\/pt-pt\/wp-json\/wp\/v2\/comments?post=1784"}],"version-history":[{"count":1,"href":"https:\/\/nicesa.com\/pt-pt\/wp-json\/wp\/v2\/pages\/1784\/revisions"}],"predecessor-version":[{"id":1785,"href":"https:\/\/nicesa.com\/pt-pt\/wp-json\/wp\/v2\/pages\/1784\/revisions\/1785"}],"wp:attachment":[{"href":"https:\/\/nicesa.com\/pt-pt\/wp-json\/wp\/v2\/media?parent=1784"}],"curies":[{"name":"wp","href":"https:\/\/api.w.org\/{rel}","templated":true}]}}